{"id":3952,"date":"2022-09-23T16:52:30","date_gmt":"2022-09-23T14:52:30","guid":{"rendered":"https:\/\/airaboats.nl\/?page_id=3952"},"modified":"2022-09-23T16:52:31","modified_gmt":"2022-09-23T14:52:31","slug":"review-die-hollaendische-aira-22-ist-aeusserst-vielseitig-float","status":"publish","type":"page","link":"https:\/\/airaboats.nl\/de\/review-die-hollaendische-aira-22-ist-aeusserst-vielseitig-float\/","title":{"rendered":"Review: \u2018Die holl\u00e4ndische Aira 22 ist \u00e4u\u00dferst vielseitig\u2019 \u2013 Float"},"content":{"rendered":"\t<div>\n\t\t<picture>\n\t\t\t<source srcset=\"https:\/\/airaboats.nl\/wp-content\/uploads\/2021\/02\/Arthur_Smeets_Aira_2018_07_25_0749-LR-scaled-1800x0-c-default.jpg\" type=\"image\/jpeg\">\n\t\t\t<img decoding=\"async\" src=\"https:\/\/airaboats.nl\/wp-content\/uploads\/2021\/02\/Arthur_Smeets_Aira_2018_07_25_0749-LR-scaled-1800x0-c-default.jpg\" alt=\"Review: \u2018Die holl\u00e4ndische Aira 22 ist \u00e4u\u00dferst vielseitig\u2019 \u2013 Float\" style=\"max-height:650px;\" class=\"w-full object-cover object-bottom rounded-sm relative bottom-20\">\n\t\t<\/picture>\n\t<\/div>\n\n\n<div class=\"bg-gray-lightest relative\">\n\t<div class=\"absolute left-0 right-1\/2 bottom-0 top-0 bg-white z-0 lg:-mt-16\"><\/div>\n\t<div class=\"max-w-7xl mx-auto z-10 relative px-4\">\n\t\t<div class=\"lg:grid lg:grid-cols-3 lg:gap-8 lg:-mt-16\">\n\t\t\t<div class=\"mt-8 col-span-2 lg:-mt-16 bg-white rounded-tr-3xl pt-12 pb-24 md:pr-24\">\n\t\t\t\t<nav id=\"breadcrumbs\" class=\"main-breadcrumbs\"><span><span><a href=\"https:\/\/airaboats.nl\/de\/\">Home<\/a><\/span><\/span><\/nav>\n\n\t\t\t\t<div class=\"my-8 pt-16\">\n\t\t\t\t\t<h1 class=\"mt-2 text-3xl leading-tight font-normal tracking-tight text-black sm:text-4xl mb-8\">\n\t\t\t\t\t\tReview: \u2018Die holl\u00e4ndische Aira 22 ist \u00e4u\u00dferst vielseitig\u2019 \u2013 Float\n\t\t\t\t\t<\/h1>\n\t\t\t\t\t<p class=\"text-xl text-gray\">\n\t\t\t\t\t\tFloat empfiehlt: Aira 22. Die holl\u00e4ndische Aira 22 ist \u00e4u\u00dferst vielseitig. Der Clou: Die Werft bietet einen sehr speziellen Motor als Flautenschieber an\n\t\t\t\t\t<\/p>\n\t\t\t\t<\/div>\n\t\t\t\t<div class=\"prose md:pl-20\">\n\t\t\t\t\t<header class=\"article-header sixteen-by-eight-header\">\n<div class=\"content_sixteen-by-eight-header\">\n<p><span class=\"toptitle\">SEGELBOOTE F\u00dcR DEN EINSTIEG<\/span><\/p>\n<div class=\"mobile-authors-detail clearfix\">\n<div class=\"author-details\">\n<div class=\"author-portrait\"><img loading=\"lazy\" decoding=\"async\" class=\"avatar pp-user-avatar avatar-96wp-user-avatar wp-user-avatar-96 photo \" src=\"https:\/\/floatmagazin.de\/wp-content\/uploads\/2018\/05\/michael-krieg.jpeg\" width=\"96\" height=\"96\" data-del=\"avatar\" \/><\/div>\n<div>von MICHAEL KRIEG in BOOTSPOTR\u00c4T<\/div>\n<p><span class=\"article-date\">13. SEPTEMBER 2022\u00a0<\/span><\/p>\n<\/div>\n<\/div>\n<\/div>\n<\/header>\n<article class=\"entry-content article-content\">\n<div id=\"post-83925\" class=\"article-content post-83925 boote type-boote status-publish has-post-thumbnail hentry category-169-header category-include-in-rss-feed tag-aira-22 tag-aira-boats tag-binnensegeln tag-daysailer boote_cat-bootsportraet shipyard-aira glossary-f\" role=\"article\">\n<p>Das erste Boot vergisst man nie! Und daher muss es gut sein!\u00a0<em>float<\/em> stellt jede Woche ein Einsteiger-Segelboot vor, das drei Dinge vereint: Es h\u00e4lt etwas aus, bietet Stabilit\u00e4t, hat einen Kiel und eventuell sogar eine kleine Kaj\u00fcte. Einige sind zudem trailerbar \u2013 das macht unabh\u00e4ngig vom Liegeplatz-mangel.<\/p>\n<p>Wen sprechen wir an? Keine absoluten Anf\u00e4nger! Sondern alle, die das Segeln bereits in Grundz\u00fcgen beherrschen. Und somit Erfahrungen besitzen \u2013 sei es durch den Erwerb eines Segelscheines in der Segelschule oder beim Mitsegeln mit Freunden.<\/p>\n<p>Was kostet das? Leider immer mehr. Auf Neubauten wartet man aktuell h\u00e4ufig bis zu einem Jahr. Weil das vielen zu lange dauert, steigen auch die Gebrauchtboot-Preise permanent. Die Kosten f\u00fcr den Einstieg mit dem eigenen Boot lassen sich im \u00dcbrigen dr\u00fccken, wenn man viel selbst macht. Das hei\u00dft: Wer handwerkliche F\u00e4higkeiten hat, kann viel Geld sparen.<\/p>\n<p>Wichtig: Die hier getroffene Auswahl erhebt keinen Anspruch auf Vollst\u00e4ndigkeit. Zu gro\u00df ist das Angebot an Neu- und Gebrauchtbooten. Wir wollen lediglich zeigen, wohin die Reise auf See und Meer gehen kann.<\/p>\n<h2>Daysailer der neuen Generation<\/h2>\n<p>Das 22-Fu\u00df-Schiff Aira 22 gilt als Daysailer der neuen Generation. Es sieht gut aus, und es segelt auch mit mehreren Personen gut. Die Werft\u00a0<a href=\"https:\/\/airaboats.nl\/de\/\" target=\"_blank\" rel=\"noopener\">Aira Boats<\/a>\u00a0aus Holland hat \u2013 aus Jahrzehnten Erfahrung mit offenen Segelbooten, mit guten Designern und moderner Technik \u2013 die Aira 22 entwickelt. Das Boot wird, je nach Ausstattungsvariante, sehr vielen Anspr\u00fcchen gerecht.<\/p>\n<\/div>\n<\/article>\n\n\t\t\t\t<\/div>\n\t\t\t<\/div>\n\t\t\t<div class=\"relative lg:mt-24\">\n\n\t\t\t\t<div class=\"flex flex-col rounded-lg shadow-lg overflow-hidden lg:-ml-20\">\n\t\t\t\t\t<div class=\"flex-shrink-0\">\n\t\t\t\t\t\t<img decoding=\"async\" class=\"h-48 w-full object-cover\" src=\"https:\/\/airaboats.nl\/wp-content\/uploads\/2021\/02\/Arthur_Smeets_Aira_2018_07_25_1141-LR-scaled-420x230-c-1.jpg\"\/>\n\t\t\t\t\t<\/div>\n\t\t\t\t\t<div class=\"flex-1 bg-white p-6 flex flex-col justify-between\">\n\t\t\t\t\t\t<div class=\"flex-1 mb-10 prose\">\n\t\t\t\t\t\t\t<p>M\u00f6chten Sie mehr Informationen \u00fcber die Aira 22 erhalten? Mailen Sie an <a href=\"mailto:info@airaboats.nl\" target=\"_blank\" rel=\"noopener\">info@airaboats.nl<\/a> oder rufen Sie <a href=\"tel:+31515218400\">+31 (0) 515 218400<\/a> an.<\/p>\n\n\t\t\t\t\t\t<\/div>\n\t\t\t\t\t<\/div>\n\t\t\t\t<\/div>\n\n\t\t\t<\/div>\n\t\t<\/div>\n\t<\/div>\n<\/div>\n","protected":false},"excerpt":{"rendered":"","protected":false},"author":2,"featured_media":1709,"parent":0,"menu_order":0,"comment_status":"closed","ping_status":"closed","template":"","meta":{"_acf_changed":false,"footnotes":""},"class_list":["post-3952","page","type-page","status-publish","has-post-thumbnail","hentry"],"acf":[],"yoast_head":"<!-- This site is optimized with the Yoast SEO plugin v27.4 - https:\/\/yoast.com\/product\/yoast-seo-wordpress\/ -->\n<title>Review: \u2018Die holl\u00e4ndische Aira 22 ist \u00e4u\u00dferst vielseitig\u2019 \u2013 Float - Aira Boats<\/title>\n<meta name=\"robots\" content=\"index, follow, max-snippet:-1, max-image-preview:large, max-video-preview:-1\" \/>\n<link rel=\"canonical\" href=\"https:\/\/airaboats.nl\/de\/review-die-hollaendische-aira-22-ist-aeusserst-vielseitig-float\/\" \/>\n<meta property=\"og:locale\" content=\"de_DE\" \/>\n<meta property=\"og:type\" content=\"article\" \/>\n<meta property=\"og:title\" content=\"Review: \u2018Die holl\u00e4ndische Aira 22 ist \u00e4u\u00dferst vielseitig\u2019 \u2013 Float - Aira Boats\" \/>\n<meta property=\"og:url\" content=\"https:\/\/airaboats.nl\/de\/review-die-hollaendische-aira-22-ist-aeusserst-vielseitig-float\/\" \/>\n<meta property=\"og:site_name\" content=\"Aira Boats\" \/>\n<meta property=\"article:modified_time\" content=\"2022-09-23T14:52:31+00:00\" \/>\n<meta property=\"og:image\" content=\"https:\/\/airaboats.nl\/wp-content\/uploads\/2021\/02\/Arthur_Smeets_Aira_2018_07_25_0749-LR-scaled.jpg\" \/>\n\t<meta property=\"og:image:width\" content=\"2560\" \/>\n\t<meta property=\"og:image:height\" content=\"1707\" \/>\n\t<meta property=\"og:image:type\" content=\"image\/jpeg\" \/>\n<meta name=\"twitter:card\" content=\"summary_large_image\" \/>\n<script type=\"application\/ld+json\" class=\"yoast-schema-graph\">{\"@context\":\"https:\\\/\\\/schema.org\",\"@graph\":[{\"@type\":\"WebPage\",\"@id\":\"https:\\\/\\\/airaboats.nl\\\/de\\\/review-die-hollaendische-aira-22-ist-aeusserst-vielseitig-float\\\/\",\"url\":\"https:\\\/\\\/airaboats.nl\\\/de\\\/review-die-hollaendische-aira-22-ist-aeusserst-vielseitig-float\\\/\",\"name\":\"Review: \u2018Die holl\u00e4ndische Aira 22 ist \u00e4u\u00dferst vielseitig\u2019 \u2013 Float - Aira Boats\",\"isPartOf\":{\"@id\":\"https:\\\/\\\/airaboats.nl\\\/#website\"},\"primaryImageOfPage\":{\"@id\":\"https:\\\/\\\/airaboats.nl\\\/de\\\/review-die-hollaendische-aira-22-ist-aeusserst-vielseitig-float\\\/#primaryimage\"},\"image\":{\"@id\":\"https:\\\/\\\/airaboats.nl\\\/de\\\/review-die-hollaendische-aira-22-ist-aeusserst-vielseitig-float\\\/#primaryimage\"},\"thumbnailUrl\":\"https:\\\/\\\/airaboats.nl\\\/wp-content\\\/uploads\\\/2021\\\/02\\\/Arthur_Smeets_Aira_2018_07_25_0749-LR-scaled.jpg\",\"datePublished\":\"2022-09-23T14:52:30+00:00\",\"dateModified\":\"2022-09-23T14:52:31+00:00\",\"breadcrumb\":{\"@id\":\"https:\\\/\\\/airaboats.nl\\\/de\\\/review-die-hollaendische-aira-22-ist-aeusserst-vielseitig-float\\\/#breadcrumb\"},\"inLanguage\":\"de\",\"potentialAction\":[{\"@type\":\"ReadAction\",\"target\":[\"https:\\\/\\\/airaboats.nl\\\/de\\\/review-die-hollaendische-aira-22-ist-aeusserst-vielseitig-float\\\/\"]}]},{\"@type\":\"ImageObject\",\"inLanguage\":\"de\",\"@id\":\"https:\\\/\\\/airaboats.nl\\\/de\\\/review-die-hollaendische-aira-22-ist-aeusserst-vielseitig-float\\\/#primaryimage\",\"url\":\"https:\\\/\\\/airaboats.nl\\\/wp-content\\\/uploads\\\/2021\\\/02\\\/Arthur_Smeets_Aira_2018_07_25_0749-LR-scaled.jpg\",\"contentUrl\":\"https:\\\/\\\/airaboats.nl\\\/wp-content\\\/uploads\\\/2021\\\/02\\\/Arthur_Smeets_Aira_2018_07_25_0749-LR-scaled.jpg\",\"width\":2560,\"height\":1707,\"caption\":\"Aira 22 bij Eernewoude\"},{\"@type\":\"BreadcrumbList\",\"@id\":\"https:\\\/\\\/airaboats.nl\\\/de\\\/review-die-hollaendische-aira-22-ist-aeusserst-vielseitig-float\\\/#breadcrumb\",\"itemListElement\":[{\"@type\":\"ListItem\",\"position\":1,\"name\":\"Home\",\"item\":\"https:\\\/\\\/airaboats.nl\\\/de\\\/\"},{\"@type\":\"ListItem\",\"position\":2,\"name\":\"Review: \u2018Die holl\u00e4ndische Aira 22 ist \u00e4u\u00dferst vielseitig\u2019 \u2013 Float\"}]},{\"@type\":\"WebSite\",\"@id\":\"https:\\\/\\\/airaboats.nl\\\/#website\",\"url\":\"https:\\\/\\\/airaboats.nl\\\/\",\"name\":\"Aira Boats\",\"description\":\"Aira 22: de nieuwe generatie Daysailer\",\"potentialAction\":[{\"@type\":\"SearchAction\",\"target\":{\"@type\":\"EntryPoint\",\"urlTemplate\":\"https:\\\/\\\/airaboats.nl\\\/?s={search_term_string}\"},\"query-input\":{\"@type\":\"PropertyValueSpecification\",\"valueRequired\":true,\"valueName\":\"search_term_string\"}}],\"inLanguage\":\"de\"}]}<\/script>\n<!-- \/ Yoast SEO plugin. -->","yoast_head_json":{"title":"Review: \u2018Die holl\u00e4ndische Aira 22 ist \u00e4u\u00dferst vielseitig\u2019 \u2013 Float - Aira Boats","robots":{"index":"index","follow":"follow","max-snippet":"max-snippet:-1","max-image-preview":"max-image-preview:large","max-video-preview":"max-video-preview:-1"},"canonical":"https:\/\/airaboats.nl\/de\/review-die-hollaendische-aira-22-ist-aeusserst-vielseitig-float\/","og_locale":"de_DE","og_type":"article","og_title":"Review: \u2018Die holl\u00e4ndische Aira 22 ist \u00e4u\u00dferst vielseitig\u2019 \u2013 Float - Aira Boats","og_url":"https:\/\/airaboats.nl\/de\/review-die-hollaendische-aira-22-ist-aeusserst-vielseitig-float\/","og_site_name":"Aira Boats","article_modified_time":"2022-09-23T14:52:31+00:00","og_image":[{"width":2560,"height":1707,"url":"https:\/\/airaboats.nl\/wp-content\/uploads\/2021\/02\/Arthur_Smeets_Aira_2018_07_25_0749-LR-scaled.jpg","type":"image\/jpeg"}],"twitter_card":"summary_large_image","schema":{"@context":"https:\/\/schema.org","@graph":[{"@type":"WebPage","@id":"https:\/\/airaboats.nl\/de\/review-die-hollaendische-aira-22-ist-aeusserst-vielseitig-float\/","url":"https:\/\/airaboats.nl\/de\/review-die-hollaendische-aira-22-ist-aeusserst-vielseitig-float\/","name":"Review: \u2018Die holl\u00e4ndische Aira 22 ist \u00e4u\u00dferst vielseitig\u2019 \u2013 Float - Aira Boats","isPartOf":{"@id":"https:\/\/airaboats.nl\/#website"},"primaryImageOfPage":{"@id":"https:\/\/airaboats.nl\/de\/review-die-hollaendische-aira-22-ist-aeusserst-vielseitig-float\/#primaryimage"},"image":{"@id":"https:\/\/airaboats.nl\/de\/review-die-hollaendische-aira-22-ist-aeusserst-vielseitig-float\/#primaryimage"},"thumbnailUrl":"https:\/\/airaboats.nl\/wp-content\/uploads\/2021\/02\/Arthur_Smeets_Aira_2018_07_25_0749-LR-scaled.jpg","datePublished":"2022-09-23T14:52:30+00:00","dateModified":"2022-09-23T14:52:31+00:00","breadcrumb":{"@id":"https:\/\/airaboats.nl\/de\/review-die-hollaendische-aira-22-ist-aeusserst-vielseitig-float\/#breadcrumb"},"inLanguage":"de","potentialAction":[{"@type":"ReadAction","target":["https:\/\/airaboats.nl\/de\/review-die-hollaendische-aira-22-ist-aeusserst-vielseitig-float\/"]}]},{"@type":"ImageObject","inLanguage":"de","@id":"https:\/\/airaboats.nl\/de\/review-die-hollaendische-aira-22-ist-aeusserst-vielseitig-float\/#primaryimage","url":"https:\/\/airaboats.nl\/wp-content\/uploads\/2021\/02\/Arthur_Smeets_Aira_2018_07_25_0749-LR-scaled.jpg","contentUrl":"https:\/\/airaboats.nl\/wp-content\/uploads\/2021\/02\/Arthur_Smeets_Aira_2018_07_25_0749-LR-scaled.jpg","width":2560,"height":1707,"caption":"Aira 22 bij Eernewoude"},{"@type":"BreadcrumbList","@id":"https:\/\/airaboats.nl\/de\/review-die-hollaendische-aira-22-ist-aeusserst-vielseitig-float\/#breadcrumb","itemListElement":[{"@type":"ListItem","position":1,"name":"Home","item":"https:\/\/airaboats.nl\/de\/"},{"@type":"ListItem","position":2,"name":"Review: \u2018Die holl\u00e4ndische Aira 22 ist \u00e4u\u00dferst vielseitig\u2019 \u2013 Float"}]},{"@type":"WebSite","@id":"https:\/\/airaboats.nl\/#website","url":"https:\/\/airaboats.nl\/","name":"Aira Boats","description":"Aira 22: de nieuwe generatie Daysailer","potentialAction":[{"@type":"SearchAction","target":{"@type":"EntryPoint","urlTemplate":"https:\/\/airaboats.nl\/?s={search_term_string}"},"query-input":{"@type":"PropertyValueSpecification","valueRequired":true,"valueName":"search_term_string"}}],"inLanguage":"de"}]}},"_links":{"self":[{"href":"https:\/\/airaboats.nl\/de\/wp-json\/wp\/v2\/pages\/3952","targetHints":{"allow":["GET"]}}],"collection":[{"href":"https:\/\/airaboats.nl\/de\/wp-json\/wp\/v2\/pages"}],"about":[{"href":"https:\/\/airaboats.nl\/de\/wp-json\/wp\/v2\/types\/page"}],"author":[{"embeddable":true,"href":"https:\/\/airaboats.nl\/de\/wp-json\/wp\/v2\/users\/2"}],"replies":[{"embeddable":true,"href":"https:\/\/airaboats.nl\/de\/wp-json\/wp\/v2\/comments?post=3952"}],"version-history":[{"count":0,"href":"https:\/\/airaboats.nl\/de\/wp-json\/wp\/v2\/pages\/3952\/revisions"}],"wp:featuredmedia":[{"embeddable":true,"href":"https:\/\/airaboats.nl\/de\/wp-json\/wp\/v2\/media\/1709"}],"wp:attachment":[{"href":"https:\/\/airaboats.nl\/de\/wp-json\/wp\/v2\/media?parent=3952"}],"curies":[{"name":"wp","href":"https:\/\/api.w.org\/{rel}","templated":true}]}}