{"id":3916,"date":"2022-09-23T16:26:23","date_gmt":"2022-09-23T14:26:23","guid":{"rendered":"https:\/\/airaboats.nl\/?page_id=3916"},"modified":"2022-09-23T17:29:17","modified_gmt":"2022-09-23T15:29:17","slug":"reisebericht-segeltoerns-mit-der-aira-deining-magazin","status":"publish","type":"page","link":"https:\/\/airaboats.nl\/de\/reisebericht-segeltoerns-mit-der-aira-deining-magazin\/","title":{"rendered":"Reisebericht: &#8218;Segelt\u00f6rns mit der Aira&#8216; \u2013 Deining Magazin"},"content":{"rendered":"\t<div>\n\t\t<picture>\n\t\t\t<source srcset=\"https:\/\/airaboats.nl\/wp-content\/uploads\/2022\/09\/IMG_5674A-Foto-Deining-Magazine-Jim-Post-scaled-1800x0-c-default.jpg\" type=\"image\/jpeg\">\n\t\t\t<img decoding=\"async\" src=\"https:\/\/airaboats.nl\/wp-content\/uploads\/2022\/09\/IMG_5674A-Foto-Deining-Magazine-Jim-Post-scaled-1800x0-c-default.jpg\" alt=\"Reisebericht: &#8218;Segelt\u00f6rns mit der Aira&#8216; \u2013 Deining Magazin\" style=\"max-height:650px;\" class=\"w-full object-cover object-bottom rounded-sm relative bottom-20\">\n\t\t<\/picture>\n\t<\/div>\n\n\n<div class=\"bg-gray-lightest relative\">\n\t<div class=\"absolute left-0 right-1\/2 bottom-0 top-0 bg-white z-0 lg:-mt-16\"><\/div>\n\t<div class=\"max-w-7xl mx-auto z-10 relative px-4\">\n\t\t<div class=\"lg:grid lg:grid-cols-3 lg:gap-8 lg:-mt-16\">\n\t\t\t<div class=\"mt-8 col-span-2 lg:-mt-16 bg-white rounded-tr-3xl pt-12 pb-24 md:pr-24\">\n\t\t\t\t<nav id=\"breadcrumbs\" class=\"main-breadcrumbs\"><span><span><a href=\"https:\/\/airaboats.nl\/de\/\">Home<\/a><\/span><\/span><\/nav>\n\n\t\t\t\t<div class=\"my-8 pt-16\">\n\t\t\t\t\t<h1 class=\"mt-2 text-3xl leading-tight font-normal tracking-tight text-black sm:text-4xl mb-8\">\n\t\t\t\t\t\tReisebericht: &#8218;Segelt\u00f6rns mit der Aira&#8216; \u2013 Deining Magazin\n\t\t\t\t\t<\/h1>\n\t\t\t\t\t<p class=\"text-xl text-gray\">\n\t\t\t\t\t\t&#8222;Ein Seemann verl\u00e4sst das Meer mit blutendem Herzen: Es ist eine sch\u00f6ne und melancholische Ged\u00e4chtnisst\u00fctze. Mit dem Herzen auf der linken Seite m\u00f6gen wir das Meer die roten Bojen an Backbord. Diesmal k\u00f6nnen wir in die andere Richtung gehen: auf See.&#8220; &#8211; Deining Magazin\n\t\t\t\t\t<\/p>\n\t\t\t\t<\/div>\n\t\t\t\t<div class=\"prose md:pl-20\">\n\t\t\t\t\t<p><a href=\"https:\/\/airaboats.nl\/wp-content\/uploads\/2022\/09\/deining1-scaled.jpg\"><img loading=\"lazy\" decoding=\"async\" class=\"alignnone wp-image-3772 size-large\" src=\"https:\/\/airaboats.nl\/wp-content\/uploads\/2022\/09\/deining1-1024x667.jpg\" alt=\"Deining artikel\" width=\"1024\" height=\"667\" srcset=\"https:\/\/airaboats.nl\/wp-content\/uploads\/2022\/09\/deining1-1024x667.jpg 1024w, https:\/\/airaboats.nl\/wp-content\/uploads\/2022\/09\/deining1-300x196.jpg 300w, https:\/\/airaboats.nl\/wp-content\/uploads\/2022\/09\/deining1-768x500.jpg 768w, https:\/\/airaboats.nl\/wp-content\/uploads\/2022\/09\/deining1-1536x1001.jpg 1536w, https:\/\/airaboats.nl\/wp-content\/uploads\/2022\/09\/deining1-2048x1335.jpg 2048w\" sizes=\"auto, (max-width: 1024px) 100vw, 1024px\" \/><\/a> <a href=\"https:\/\/airaboats.nl\/wp-content\/uploads\/2022\/09\/deining2-scaled.jpg\"><img loading=\"lazy\" decoding=\"async\" class=\"alignnone wp-image-3775 size-large\" src=\"https:\/\/airaboats.nl\/wp-content\/uploads\/2022\/09\/deining2-1024x667.jpg\" alt=\"Deining artikel\" width=\"1024\" height=\"667\" srcset=\"https:\/\/airaboats.nl\/wp-content\/uploads\/2022\/09\/deining2-1024x667.jpg 1024w, https:\/\/airaboats.nl\/wp-content\/uploads\/2022\/09\/deining2-300x196.jpg 300w, https:\/\/airaboats.nl\/wp-content\/uploads\/2022\/09\/deining2-768x500.jpg 768w, https:\/\/airaboats.nl\/wp-content\/uploads\/2022\/09\/deining2-1536x1001.jpg 1536w, https:\/\/airaboats.nl\/wp-content\/uploads\/2022\/09\/deining2-2048x1335.jpg 2048w\" sizes=\"auto, (max-width: 1024px) 100vw, 1024px\" \/><\/a> <a href=\"https:\/\/airaboats.nl\/wp-content\/uploads\/2022\/09\/deining3-scaled.jpg\"><img loading=\"lazy\" decoding=\"async\" class=\"alignnone wp-image-3778 size-large\" src=\"https:\/\/airaboats.nl\/wp-content\/uploads\/2022\/09\/deining3-1024x667.jpg\" alt=\"Deining artikel\" width=\"1024\" height=\"667\" srcset=\"https:\/\/airaboats.nl\/wp-content\/uploads\/2022\/09\/deining3-1024x667.jpg 1024w, https:\/\/airaboats.nl\/wp-content\/uploads\/2022\/09\/deining3-300x196.jpg 300w, https:\/\/airaboats.nl\/wp-content\/uploads\/2022\/09\/deining3-768x500.jpg 768w, https:\/\/airaboats.nl\/wp-content\/uploads\/2022\/09\/deining3-1536x1001.jpg 1536w, https:\/\/airaboats.nl\/wp-content\/uploads\/2022\/09\/deining3-2048x1335.jpg 2048w\" sizes=\"auto, (max-width: 1024px) 100vw, 1024px\" \/><\/a> <a href=\"https:\/\/airaboats.nl\/wp-content\/uploads\/2022\/09\/deining4-scaled.jpg\"><img loading=\"lazy\" decoding=\"async\" class=\"alignnone wp-image-3781 size-large\" src=\"https:\/\/airaboats.nl\/wp-content\/uploads\/2022\/09\/deining4-1024x667.jpg\" alt=\"Deining artikel\" width=\"1024\" height=\"667\" srcset=\"https:\/\/airaboats.nl\/wp-content\/uploads\/2022\/09\/deining4-1024x667.jpg 1024w, https:\/\/airaboats.nl\/wp-content\/uploads\/2022\/09\/deining4-300x196.jpg 300w, https:\/\/airaboats.nl\/wp-content\/uploads\/2022\/09\/deining4-768x500.jpg 768w, https:\/\/airaboats.nl\/wp-content\/uploads\/2022\/09\/deining4-1536x1001.jpg 1536w, https:\/\/airaboats.nl\/wp-content\/uploads\/2022\/09\/deining4-2048x1335.jpg 2048w\" sizes=\"auto, (max-width: 1024px) 100vw, 1024px\" \/><\/a> <a href=\"https:\/\/airaboats.nl\/wp-content\/uploads\/2022\/09\/deining5-scaled.jpg\"><img loading=\"lazy\" decoding=\"async\" class=\"alignnone wp-image-3784 size-large\" src=\"https:\/\/airaboats.nl\/wp-content\/uploads\/2022\/09\/deining5-1024x667.jpg\" alt=\"Deining artikel\" width=\"1024\" height=\"667\" srcset=\"https:\/\/airaboats.nl\/wp-content\/uploads\/2022\/09\/deining5-1024x667.jpg 1024w, https:\/\/airaboats.nl\/wp-content\/uploads\/2022\/09\/deining5-300x196.jpg 300w, https:\/\/airaboats.nl\/wp-content\/uploads\/2022\/09\/deining5-768x500.jpg 768w, https:\/\/airaboats.nl\/wp-content\/uploads\/2022\/09\/deining5-1536x1001.jpg 1536w, https:\/\/airaboats.nl\/wp-content\/uploads\/2022\/09\/deining5-2048x1335.jpg 2048w\" sizes=\"auto, (max-width: 1024px) 100vw, 1024px\" \/><\/a> <a href=\"https:\/\/airaboats.nl\/wp-content\/uploads\/2022\/09\/deining6-scaled.jpg\"><img loading=\"lazy\" decoding=\"async\" class=\"alignnone wp-image-3787 size-large\" src=\"https:\/\/airaboats.nl\/wp-content\/uploads\/2022\/09\/deining6-1024x667.jpg\" alt=\"Deining artikel\" width=\"1024\" height=\"667\" srcset=\"https:\/\/airaboats.nl\/wp-content\/uploads\/2022\/09\/deining6-1024x667.jpg 1024w, https:\/\/airaboats.nl\/wp-content\/uploads\/2022\/09\/deining6-300x196.jpg 300w, https:\/\/airaboats.nl\/wp-content\/uploads\/2022\/09\/deining6-768x500.jpg 768w, https:\/\/airaboats.nl\/wp-content\/uploads\/2022\/09\/deining6-1536x1001.jpg 1536w, https:\/\/airaboats.nl\/wp-content\/uploads\/2022\/09\/deining6-2048x1335.jpg 2048w\" sizes=\"auto, (max-width: 1024px) 100vw, 1024px\" \/><\/a><\/p>\n\n\t\t\t\t<\/div>\n\t\t\t<\/div>\n\t\t\t<div class=\"relative lg:mt-24\">\n\n\t\t\t\t<div class=\"flex flex-col rounded-lg shadow-lg overflow-hidden lg:-ml-20\">\n\t\t\t\t\t<div class=\"flex-shrink-0\">\n\t\t\t\t\t\t<img decoding=\"async\" class=\"h-48 w-full object-cover\" src=\"https:\/\/airaboats.nl\/wp-content\/uploads\/2021\/02\/Arthur_Smeets_Aira_2018_07_25_1141-LR-scaled-420x230-c-1.jpg\"\/>\n\t\t\t\t\t<\/div>\n\t\t\t\t\t<div class=\"flex-1 bg-white p-6 flex flex-col justify-between\">\n\t\t\t\t\t\t<div class=\"flex-1 mb-10 prose\">\n\t\t\t\t\t\t\t<p>M\u00f6chten Sie mehr Informationen \u00fcber die Aira 22 erhalten? Mailen Sie an <a href=\"mailto:info@airaboats.nl\" target=\"_blank\" rel=\"noopener\">info@airaboats.nl<\/a> oder rufen Sie <a href=\"tel:+31515218400\">+31 (0) 515 218400<\/a> an.<\/p>\n\n\t\t\t\t\t\t<\/div>\n\t\t\t\t\t<\/div>\n\t\t\t\t<\/div>\n\n\t\t\t<\/div>\n\t\t<\/div>\n\t<\/div>\n<\/div>\n","protected":false},"excerpt":{"rendered":"","protected":false},"author":2,"featured_media":3646,"parent":0,"menu_order":0,"comment_status":"closed","ping_status":"closed","template":"","meta":{"_acf_changed":false,"footnotes":""},"class_list":["post-3916","page","type-page","status-publish","has-post-thumbnail","hentry"],"acf":[],"yoast_head":"<!-- This site is optimized with the Yoast SEO plugin v27.4 - https:\/\/yoast.com\/product\/yoast-seo-wordpress\/ -->\n<title>Reisebericht: &#039;Segelt\u00f6rns mit der Aira&#039; \u2013 Deining Magazin - Aira Boats<\/title>\n<meta name=\"robots\" content=\"index, follow, max-snippet:-1, max-image-preview:large, max-video-preview:-1\" \/>\n<link rel=\"canonical\" href=\"https:\/\/airaboats.nl\/de\/reisebericht-segeltoerns-mit-der-aira-deining-magazin\/\" \/>\n<meta property=\"og:locale\" content=\"de_DE\" \/>\n<meta property=\"og:type\" content=\"article\" \/>\n<meta property=\"og:title\" content=\"Reisebericht: &#039;Segelt\u00f6rns mit der Aira&#039; \u2013 Deining Magazin - Aira Boats\" \/>\n<meta property=\"og:url\" content=\"https:\/\/airaboats.nl\/de\/reisebericht-segeltoerns-mit-der-aira-deining-magazin\/\" \/>\n<meta property=\"og:site_name\" content=\"Aira Boats\" \/>\n<meta property=\"article:modified_time\" content=\"2022-09-23T15:29:17+00:00\" \/>\n<meta property=\"og:image\" content=\"https:\/\/airaboats.nl\/wp-content\/uploads\/2022\/09\/IMG_5674A-Foto-Deining-Magazine-Jim-Post-scaled.jpg\" \/>\n\t<meta property=\"og:image:width\" content=\"2560\" \/>\n\t<meta property=\"og:image:height\" content=\"1710\" \/>\n\t<meta property=\"og:image:type\" content=\"image\/jpeg\" \/>\n<meta name=\"twitter:card\" content=\"summary_large_image\" \/>\n<script type=\"application\/ld+json\" class=\"yoast-schema-graph\">{\"@context\":\"https:\\\/\\\/schema.org\",\"@graph\":[{\"@type\":\"WebPage\",\"@id\":\"https:\\\/\\\/airaboats.nl\\\/de\\\/reisebericht-segeltoerns-mit-der-aira-deining-magazin\\\/\",\"url\":\"https:\\\/\\\/airaboats.nl\\\/de\\\/reisebericht-segeltoerns-mit-der-aira-deining-magazin\\\/\",\"name\":\"Reisebericht: 'Segelt\u00f6rns mit der Aira' \u2013 Deining Magazin - Aira Boats\",\"isPartOf\":{\"@id\":\"https:\\\/\\\/airaboats.nl\\\/#website\"},\"primaryImageOfPage\":{\"@id\":\"https:\\\/\\\/airaboats.nl\\\/de\\\/reisebericht-segeltoerns-mit-der-aira-deining-magazin\\\/#primaryimage\"},\"image\":{\"@id\":\"https:\\\/\\\/airaboats.nl\\\/de\\\/reisebericht-segeltoerns-mit-der-aira-deining-magazin\\\/#primaryimage\"},\"thumbnailUrl\":\"https:\\\/\\\/airaboats.nl\\\/wp-content\\\/uploads\\\/2022\\\/09\\\/IMG_5674A-Foto-Deining-Magazine-Jim-Post-scaled.jpg\",\"datePublished\":\"2022-09-23T14:26:23+00:00\",\"dateModified\":\"2022-09-23T15:29:17+00:00\",\"breadcrumb\":{\"@id\":\"https:\\\/\\\/airaboats.nl\\\/de\\\/reisebericht-segeltoerns-mit-der-aira-deining-magazin\\\/#breadcrumb\"},\"inLanguage\":\"de\",\"potentialAction\":[{\"@type\":\"ReadAction\",\"target\":[\"https:\\\/\\\/airaboats.nl\\\/de\\\/reisebericht-segeltoerns-mit-der-aira-deining-magazin\\\/\"]}]},{\"@type\":\"ImageObject\",\"inLanguage\":\"de\",\"@id\":\"https:\\\/\\\/airaboats.nl\\\/de\\\/reisebericht-segeltoerns-mit-der-aira-deining-magazin\\\/#primaryimage\",\"url\":\"https:\\\/\\\/airaboats.nl\\\/wp-content\\\/uploads\\\/2022\\\/09\\\/IMG_5674A-Foto-Deining-Magazine-Jim-Post-scaled.jpg\",\"contentUrl\":\"https:\\\/\\\/airaboats.nl\\\/wp-content\\\/uploads\\\/2022\\\/09\\\/IMG_5674A-Foto-Deining-Magazine-Jim-Post-scaled.jpg\",\"width\":2560,\"height\":1710,\"caption\":\"Deining\"},{\"@type\":\"BreadcrumbList\",\"@id\":\"https:\\\/\\\/airaboats.nl\\\/de\\\/reisebericht-segeltoerns-mit-der-aira-deining-magazin\\\/#breadcrumb\",\"itemListElement\":[{\"@type\":\"ListItem\",\"position\":1,\"name\":\"Home\",\"item\":\"https:\\\/\\\/airaboats.nl\\\/de\\\/\"},{\"@type\":\"ListItem\",\"position\":2,\"name\":\"Reisebericht: &#8218;Segelt\u00f6rns mit der Aira&#8216; \u2013 Deining Magazin\"}]},{\"@type\":\"WebSite\",\"@id\":\"https:\\\/\\\/airaboats.nl\\\/#website\",\"url\":\"https:\\\/\\\/airaboats.nl\\\/\",\"name\":\"Aira Boats\",\"description\":\"Aira 22: de nieuwe generatie Daysailer\",\"potentialAction\":[{\"@type\":\"SearchAction\",\"target\":{\"@type\":\"EntryPoint\",\"urlTemplate\":\"https:\\\/\\\/airaboats.nl\\\/?s={search_term_string}\"},\"query-input\":{\"@type\":\"PropertyValueSpecification\",\"valueRequired\":true,\"valueName\":\"search_term_string\"}}],\"inLanguage\":\"de\"}]}<\/script>\n<!-- \/ Yoast SEO plugin. -->","yoast_head_json":{"title":"Reisebericht: 'Segelt\u00f6rns mit der Aira' \u2013 Deining Magazin - Aira Boats","robots":{"index":"index","follow":"follow","max-snippet":"max-snippet:-1","max-image-preview":"max-image-preview:large","max-video-preview":"max-video-preview:-1"},"canonical":"https:\/\/airaboats.nl\/de\/reisebericht-segeltoerns-mit-der-aira-deining-magazin\/","og_locale":"de_DE","og_type":"article","og_title":"Reisebericht: 'Segelt\u00f6rns mit der Aira' \u2013 Deining Magazin - Aira Boats","og_url":"https:\/\/airaboats.nl\/de\/reisebericht-segeltoerns-mit-der-aira-deining-magazin\/","og_site_name":"Aira Boats","article_modified_time":"2022-09-23T15:29:17+00:00","og_image":[{"width":2560,"height":1710,"url":"https:\/\/airaboats.nl\/wp-content\/uploads\/2022\/09\/IMG_5674A-Foto-Deining-Magazine-Jim-Post-scaled.jpg","type":"image\/jpeg"}],"twitter_card":"summary_large_image","schema":{"@context":"https:\/\/schema.org","@graph":[{"@type":"WebPage","@id":"https:\/\/airaboats.nl\/de\/reisebericht-segeltoerns-mit-der-aira-deining-magazin\/","url":"https:\/\/airaboats.nl\/de\/reisebericht-segeltoerns-mit-der-aira-deining-magazin\/","name":"Reisebericht: 'Segelt\u00f6rns mit der Aira' \u2013 Deining Magazin - Aira Boats","isPartOf":{"@id":"https:\/\/airaboats.nl\/#website"},"primaryImageOfPage":{"@id":"https:\/\/airaboats.nl\/de\/reisebericht-segeltoerns-mit-der-aira-deining-magazin\/#primaryimage"},"image":{"@id":"https:\/\/airaboats.nl\/de\/reisebericht-segeltoerns-mit-der-aira-deining-magazin\/#primaryimage"},"thumbnailUrl":"https:\/\/airaboats.nl\/wp-content\/uploads\/2022\/09\/IMG_5674A-Foto-Deining-Magazine-Jim-Post-scaled.jpg","datePublished":"2022-09-23T14:26:23+00:00","dateModified":"2022-09-23T15:29:17+00:00","breadcrumb":{"@id":"https:\/\/airaboats.nl\/de\/reisebericht-segeltoerns-mit-der-aira-deining-magazin\/#breadcrumb"},"inLanguage":"de","potentialAction":[{"@type":"ReadAction","target":["https:\/\/airaboats.nl\/de\/reisebericht-segeltoerns-mit-der-aira-deining-magazin\/"]}]},{"@type":"ImageObject","inLanguage":"de","@id":"https:\/\/airaboats.nl\/de\/reisebericht-segeltoerns-mit-der-aira-deining-magazin\/#primaryimage","url":"https:\/\/airaboats.nl\/wp-content\/uploads\/2022\/09\/IMG_5674A-Foto-Deining-Magazine-Jim-Post-scaled.jpg","contentUrl":"https:\/\/airaboats.nl\/wp-content\/uploads\/2022\/09\/IMG_5674A-Foto-Deining-Magazine-Jim-Post-scaled.jpg","width":2560,"height":1710,"caption":"Deining"},{"@type":"BreadcrumbList","@id":"https:\/\/airaboats.nl\/de\/reisebericht-segeltoerns-mit-der-aira-deining-magazin\/#breadcrumb","itemListElement":[{"@type":"ListItem","position":1,"name":"Home","item":"https:\/\/airaboats.nl\/de\/"},{"@type":"ListItem","position":2,"name":"Reisebericht: &#8218;Segelt\u00f6rns mit der Aira&#8216; \u2013 Deining Magazin"}]},{"@type":"WebSite","@id":"https:\/\/airaboats.nl\/#website","url":"https:\/\/airaboats.nl\/","name":"Aira Boats","description":"Aira 22: de nieuwe generatie Daysailer","potentialAction":[{"@type":"SearchAction","target":{"@type":"EntryPoint","urlTemplate":"https:\/\/airaboats.nl\/?s={search_term_string}"},"query-input":{"@type":"PropertyValueSpecification","valueRequired":true,"valueName":"search_term_string"}}],"inLanguage":"de"}]}},"_links":{"self":[{"href":"https:\/\/airaboats.nl\/de\/wp-json\/wp\/v2\/pages\/3916","targetHints":{"allow":["GET"]}}],"collection":[{"href":"https:\/\/airaboats.nl\/de\/wp-json\/wp\/v2\/pages"}],"about":[{"href":"https:\/\/airaboats.nl\/de\/wp-json\/wp\/v2\/types\/page"}],"author":[{"embeddable":true,"href":"https:\/\/airaboats.nl\/de\/wp-json\/wp\/v2\/users\/2"}],"replies":[{"embeddable":true,"href":"https:\/\/airaboats.nl\/de\/wp-json\/wp\/v2\/comments?post=3916"}],"version-history":[{"count":0,"href":"https:\/\/airaboats.nl\/de\/wp-json\/wp\/v2\/pages\/3916\/revisions"}],"wp:featuredmedia":[{"embeddable":true,"href":"https:\/\/airaboats.nl\/de\/wp-json\/wp\/v2\/media\/3646"}],"wp:attachment":[{"href":"https:\/\/airaboats.nl\/de\/wp-json\/wp\/v2\/media?parent=3916"}],"curies":[{"name":"wp","href":"https:\/\/api.w.org\/{rel}","templated":true}]}}