{"id":2956,"date":"2021-11-04T16:39:30","date_gmt":"2021-11-04T15:39:30","guid":{"rendered":"https:\/\/airaboats.nl\/?page_id=2956"},"modified":"2021-11-04T16:39:31","modified_gmt":"2021-11-04T15:39:31","slug":"reisebericht-gewagt-varen-magazine","status":"publish","type":"page","link":"https:\/\/airaboats.nl\/de\/reisebericht-gewagt-varen-magazine\/","title":{"rendered":"Reisebericht: \u2018Gewagt?\u2019 \u2014 Varen Magazine"},"content":{"rendered":"\t<div>\n\t\t<picture>\n\t\t\t<source srcset=\"https:\/\/airaboats.nl\/wp-content\/uploads\/2021\/11\/Varen2021-hero-scaled-1800x0-c-default.jpg\" type=\"image\/jpeg\">\n\t\t\t<img decoding=\"async\" src=\"https:\/\/airaboats.nl\/wp-content\/uploads\/2021\/11\/Varen2021-hero-scaled-1800x0-c-default.jpg\" alt=\"Reisebericht: \u2018Gewagt?\u2019 \u2014 Varen Magazine\" style=\"max-height:650px;\" class=\"w-full object-cover object-bottom rounded-sm relative bottom-20\">\n\t\t<\/picture>\n\t<\/div>\n\n\n<div class=\"bg-gray-lightest relative\">\n\t<div class=\"absolute left-0 right-1\/2 bottom-0 top-0 bg-white z-0 lg:-mt-16\"><\/div>\n\t<div class=\"max-w-7xl mx-auto z-10 relative px-4\">\n\t\t<div class=\"lg:grid lg:grid-cols-3 lg:gap-8 lg:-mt-16\">\n\t\t\t<div class=\"mt-8 col-span-2 lg:-mt-16 bg-white rounded-tr-3xl pt-12 pb-24 md:pr-24\">\n\t\t\t\t<nav id=\"breadcrumbs\" class=\"main-breadcrumbs\"><span><span><a href=\"https:\/\/airaboats.nl\/de\/\">Home<\/a><\/span><\/span><\/nav>\n\n\t\t\t\t<div class=\"my-8 pt-16\">\n\t\t\t\t\t<h1 class=\"mt-2 text-3xl leading-tight font-normal tracking-tight text-black sm:text-4xl mb-8\">\n\t\t\t\t\t\tReisebericht: \u2018Gewagt?\u2019 \u2014 Varen Magazine\n\t\t\t\t\t<\/h1>\n\t\t\t\t\t<p class=\"text-xl text-gray\">\n\t\t\t\t\t\tEin Reisebericht von Sneek (Niederlande) nach Nieuwpoort (Belgien) mit 2 Airas, 2 m\u00e4nnlichen &#8218;Oldies&#8216; und 6 jungen Damen, beschrieben von Jan Smekens im Varen Magazine.\r\n\n\t\t\t\t\t<\/p>\n\t\t\t\t<\/div>\n\t\t\t\t<div class=\"prose md:pl-20\">\n\t\t\t\t\t<p>&#8222;Die Sport Vlaanderen Segelschule Hafenkanal Nieuwpoort nutzt die bekannte Cigognes seit Jahrzehnten als seet\u00fcchtiges Trainingsboot f\u00fcr den Segelgrad auf hoher See, Evolution 1. Aber der Zahn der Zeit schleift weiter. Die Cigognes waren nicht auff\u00e4llig genug, bis auf den Kiel verrottet, die Holzbearbeitungsmaschine ins Fegefeuer geschickt, etwas Regenschirmpolitik und ja, es musste ein anderer Bootstyp her wir mussten nach etwas suchen, das den Standards entsprach. Etwas polnischer Herstellung und wie vorhergesagt, sank dieser Typ beim Abflachen fast.<\/p>\n<p>Und dann kam die Aira, ein Juwel auf dem Wasser. Erst die Testphase, einige Wochen in den Segelcamps laufen lassen und dann 5 St\u00fcck kaufen. Aber diese Yachten mussten von Sneek (Friesland) nach Nieuwpoort kommen. W\u00fcrden wir es nicht zu einem Segelpraktikum (18+) machen? Oder im Juni mit Lehrern \u00fcber 2 segeln? Letztere Idee nahm bald Gestalt an mit 6 Instruktoren (2 m\u00e4nnliche Oldies und 6 charmante junge Damen) w\u00fcrden wir die Airas von Sneek \u00fcber Hegermeer, IJsselmeer, den Nordseekanal, IJmuiden, Nordsee nach Nieuwpoort bringen. Eine Alternative ist die Stehmastroute, aber das w\u00fcrde zu lange dauern. Dies ist bei einer Yacht von etwas \u00fcber 6 Metern ohne geschlossene Kabine verst\u00e4ndlich. Das bedeutet, die Nacht in Zelten zu verbringen, auf Campinggasfeuern zu kochen, also zur\u00fcck zu den Grundlagen. (&#8230;)&#8220;<\/p>\n<p>Lesen Sie den gesamten Artikel aus dem Varen-Magazin, indem Sie sich die Bilder ansehen.<\/p>\n<p><a href=\"https:\/\/airaboats.nl\/wp-content\/uploads\/2021\/02\/Varen2021-1-scaled.jpg\" target=\"_blank\" rel=\"noopener\"><img loading=\"lazy\" decoding=\"async\" class=\"alignnone wp-image-2915 size-full\" src=\"https:\/\/airaboats.nl\/wp-content\/uploads\/2021\/02\/Varen2021-1-scaled.jpg\" alt=\"\" width=\"1810\" height=\"2560\" srcset=\"https:\/\/airaboats.nl\/wp-content\/uploads\/2021\/02\/Varen2021-1-scaled.jpg 1810w, https:\/\/airaboats.nl\/wp-content\/uploads\/2021\/02\/Varen2021-1-212x300.jpg 212w, https:\/\/airaboats.nl\/wp-content\/uploads\/2021\/02\/Varen2021-1-724x1024.jpg 724w, https:\/\/airaboats.nl\/wp-content\/uploads\/2021\/02\/Varen2021-1-768x1086.jpg 768w, https:\/\/airaboats.nl\/wp-content\/uploads\/2021\/02\/Varen2021-1-1086x1536.jpg 1086w, https:\/\/airaboats.nl\/wp-content\/uploads\/2021\/02\/Varen2021-1-1448x2048.jpg 1448w\" sizes=\"auto, (max-width: 1810px) 100vw, 1810px\" \/><\/a> <a href=\"https:\/\/airaboats.nl\/wp-content\/uploads\/2021\/02\/Varen2021-2-scaled.jpg\" target=\"_blank\" rel=\"noopener\"><img loading=\"lazy\" decoding=\"async\" class=\"alignnone wp-image-2918 size-full\" src=\"https:\/\/airaboats.nl\/wp-content\/uploads\/2021\/02\/Varen2021-2-scaled.jpg\" alt=\"\" width=\"1810\" height=\"2560\" srcset=\"https:\/\/airaboats.nl\/wp-content\/uploads\/2021\/02\/Varen2021-2-scaled.jpg 1810w, https:\/\/airaboats.nl\/wp-content\/uploads\/2021\/02\/Varen2021-2-212x300.jpg 212w, https:\/\/airaboats.nl\/wp-content\/uploads\/2021\/02\/Varen2021-2-724x1024.jpg 724w, https:\/\/airaboats.nl\/wp-content\/uploads\/2021\/02\/Varen2021-2-768x1086.jpg 768w, https:\/\/airaboats.nl\/wp-content\/uploads\/2021\/02\/Varen2021-2-1086x1536.jpg 1086w, https:\/\/airaboats.nl\/wp-content\/uploads\/2021\/02\/Varen2021-2-1448x2048.jpg 1448w\" sizes=\"auto, (max-width: 1810px) 100vw, 1810px\" \/><\/a> <a href=\"https:\/\/airaboats.nl\/wp-content\/uploads\/2021\/02\/Varen2021-3-scaled.jpg\" target=\"_blank\" rel=\"noopener\"><img loading=\"lazy\" decoding=\"async\" class=\"alignnone wp-image-2922 size-full\" src=\"https:\/\/airaboats.nl\/wp-content\/uploads\/2021\/02\/Varen2021-3-scaled.jpg\" alt=\"\" width=\"1803\" height=\"2560\" srcset=\"https:\/\/airaboats.nl\/wp-content\/uploads\/2021\/02\/Varen2021-3-scaled.jpg 1803w, https:\/\/airaboats.nl\/wp-content\/uploads\/2021\/02\/Varen2021-3-211x300.jpg 211w, https:\/\/airaboats.nl\/wp-content\/uploads\/2021\/02\/Varen2021-3-721x1024.jpg 721w, https:\/\/airaboats.nl\/wp-content\/uploads\/2021\/02\/Varen2021-3-768x1090.jpg 768w, https:\/\/airaboats.nl\/wp-content\/uploads\/2021\/02\/Varen2021-3-1082x1536.jpg 1082w, https:\/\/airaboats.nl\/wp-content\/uploads\/2021\/02\/Varen2021-3-1442x2048.jpg 1442w\" sizes=\"auto, (max-width: 1803px) 100vw, 1803px\" \/><\/a> <a href=\"https:\/\/airaboats.nl\/wp-content\/uploads\/2021\/02\/Varen2021-4-scaled.jpg\" target=\"_blank\" rel=\"noopener\"><img loading=\"lazy\" decoding=\"async\" class=\"alignnone wp-image-2925 size-full\" src=\"https:\/\/airaboats.nl\/wp-content\/uploads\/2021\/02\/Varen2021-4-scaled.jpg\" alt=\"\" width=\"1810\" height=\"2560\" srcset=\"https:\/\/airaboats.nl\/wp-content\/uploads\/2021\/02\/Varen2021-4-scaled.jpg 1810w, https:\/\/airaboats.nl\/wp-content\/uploads\/2021\/02\/Varen2021-4-212x300.jpg 212w, https:\/\/airaboats.nl\/wp-content\/uploads\/2021\/02\/Varen2021-4-724x1024.jpg 724w, https:\/\/airaboats.nl\/wp-content\/uploads\/2021\/02\/Varen2021-4-768x1086.jpg 768w, https:\/\/airaboats.nl\/wp-content\/uploads\/2021\/02\/Varen2021-4-1086x1536.jpg 1086w, https:\/\/airaboats.nl\/wp-content\/uploads\/2021\/02\/Varen2021-4-1448x2048.jpg 1448w\" sizes=\"auto, (max-width: 1810px) 100vw, 1810px\" \/><\/a><\/p>\n\n\t\t\t\t<\/div>\n\t\t\t<\/div>\n\t\t\t<div class=\"relative lg:mt-24\">\n\n\t\t\t\t<div class=\"flex flex-col rounded-lg shadow-lg overflow-hidden lg:-ml-20\">\n\t\t\t\t\t<div class=\"flex-shrink-0\">\n\t\t\t\t\t\t<img decoding=\"async\" class=\"h-48 w-full object-cover\" src=\"https:\/\/airaboats.nl\/wp-content\/uploads\/2021\/02\/Arthur_Smeets_Aira_2018_07_25_1141-LR-scaled-420x230-c-1.jpg\"\/>\n\t\t\t\t\t<\/div>\n\t\t\t\t\t<div class=\"flex-1 bg-white p-6 flex flex-col justify-between\">\n\t\t\t\t\t\t<div class=\"flex-1 mb-10 prose\">\n\t\t\t\t\t\t\t<p>M\u00f6chten Sie mehr Informationen \u00fcber die Aira 22 erhalten? Mailen Sie an <a href=\"mailto:info@airaboats.nl\" target=\"_blank\" rel=\"noopener\">info@airaboats.nl<\/a> oder rufen Sie <a href=\"tel:+31515218400\">+31 (0) 515 218400<\/a> an.<\/p>\n\n\t\t\t\t\t\t<\/div>\n\t\t\t\t\t<\/div>\n\t\t\t\t<\/div>\n\n\t\t\t<\/div>\n\t\t<\/div>\n\t<\/div>\n<\/div>\n","protected":false},"excerpt":{"rendered":"","protected":false},"author":2,"featured_media":2937,"parent":0,"menu_order":0,"comment_status":"closed","ping_status":"closed","template":"","meta":{"_acf_changed":false,"footnotes":""},"class_list":["post-2956","page","type-page","status-publish","has-post-thumbnail","hentry"],"acf":[],"yoast_head":"<!-- This site is optimized with the Yoast SEO plugin v27.4 - https:\/\/yoast.com\/product\/yoast-seo-wordpress\/ -->\n<title>Reisebericht: \u2018Gewagt?\u2019 \u2014 Varen Magazine - Aira Boats<\/title>\n<meta name=\"robots\" content=\"index, follow, max-snippet:-1, max-image-preview:large, max-video-preview:-1\" \/>\n<link rel=\"canonical\" href=\"https:\/\/airaboats.nl\/de\/reisebericht-gewagt-varen-magazine\/\" \/>\n<meta property=\"og:locale\" content=\"de_DE\" \/>\n<meta property=\"og:type\" content=\"article\" \/>\n<meta property=\"og:title\" content=\"Reisebericht: \u2018Gewagt?\u2019 \u2014 Varen Magazine - Aira Boats\" \/>\n<meta property=\"og:url\" content=\"https:\/\/airaboats.nl\/de\/reisebericht-gewagt-varen-magazine\/\" \/>\n<meta property=\"og:site_name\" content=\"Aira Boats\" \/>\n<meta property=\"article:modified_time\" content=\"2021-11-04T15:39:31+00:00\" \/>\n<meta property=\"og:image\" content=\"https:\/\/airaboats.nl\/wp-content\/uploads\/2021\/11\/Varen2021-hero-scaled.jpg\" \/>\n\t<meta property=\"og:image:width\" content=\"2560\" \/>\n\t<meta property=\"og:image:height\" content=\"1707\" \/>\n\t<meta property=\"og:image:type\" content=\"image\/jpeg\" \/>\n<meta name=\"twitter:card\" content=\"summary_large_image\" \/>\n<script type=\"application\/ld+json\" class=\"yoast-schema-graph\">{\"@context\":\"https:\\\/\\\/schema.org\",\"@graph\":[{\"@type\":\"WebPage\",\"@id\":\"https:\\\/\\\/airaboats.nl\\\/de\\\/reisebericht-gewagt-varen-magazine\\\/\",\"url\":\"https:\\\/\\\/airaboats.nl\\\/de\\\/reisebericht-gewagt-varen-magazine\\\/\",\"name\":\"Reisebericht: \u2018Gewagt?\u2019 \u2014 Varen Magazine - Aira Boats\",\"isPartOf\":{\"@id\":\"https:\\\/\\\/airaboats.nl\\\/#website\"},\"primaryImageOfPage\":{\"@id\":\"https:\\\/\\\/airaboats.nl\\\/de\\\/reisebericht-gewagt-varen-magazine\\\/#primaryimage\"},\"image\":{\"@id\":\"https:\\\/\\\/airaboats.nl\\\/de\\\/reisebericht-gewagt-varen-magazine\\\/#primaryimage\"},\"thumbnailUrl\":\"https:\\\/\\\/airaboats.nl\\\/wp-content\\\/uploads\\\/2021\\\/11\\\/Varen2021-hero-scaled.jpg\",\"datePublished\":\"2021-11-04T15:39:30+00:00\",\"dateModified\":\"2021-11-04T15:39:31+00:00\",\"breadcrumb\":{\"@id\":\"https:\\\/\\\/airaboats.nl\\\/de\\\/reisebericht-gewagt-varen-magazine\\\/#breadcrumb\"},\"inLanguage\":\"de\",\"potentialAction\":[{\"@type\":\"ReadAction\",\"target\":[\"https:\\\/\\\/airaboats.nl\\\/de\\\/reisebericht-gewagt-varen-magazine\\\/\"]}]},{\"@type\":\"ImageObject\",\"inLanguage\":\"de\",\"@id\":\"https:\\\/\\\/airaboats.nl\\\/de\\\/reisebericht-gewagt-varen-magazine\\\/#primaryimage\",\"url\":\"https:\\\/\\\/airaboats.nl\\\/wp-content\\\/uploads\\\/2021\\\/11\\\/Varen2021-hero-scaled.jpg\",\"contentUrl\":\"https:\\\/\\\/airaboats.nl\\\/wp-content\\\/uploads\\\/2021\\\/11\\\/Varen2021-hero-scaled.jpg\",\"width\":2560,\"height\":1707,\"caption\":\"Reisverhaal Aira 22\"},{\"@type\":\"BreadcrumbList\",\"@id\":\"https:\\\/\\\/airaboats.nl\\\/de\\\/reisebericht-gewagt-varen-magazine\\\/#breadcrumb\",\"itemListElement\":[{\"@type\":\"ListItem\",\"position\":1,\"name\":\"Home\",\"item\":\"https:\\\/\\\/airaboats.nl\\\/de\\\/\"},{\"@type\":\"ListItem\",\"position\":2,\"name\":\"Reisebericht: \u2018Gewagt?\u2019 \u2014 Varen Magazine\"}]},{\"@type\":\"WebSite\",\"@id\":\"https:\\\/\\\/airaboats.nl\\\/#website\",\"url\":\"https:\\\/\\\/airaboats.nl\\\/\",\"name\":\"Aira Boats\",\"description\":\"Aira 22: de nieuwe generatie Daysailer\",\"potentialAction\":[{\"@type\":\"SearchAction\",\"target\":{\"@type\":\"EntryPoint\",\"urlTemplate\":\"https:\\\/\\\/airaboats.nl\\\/?s={search_term_string}\"},\"query-input\":{\"@type\":\"PropertyValueSpecification\",\"valueRequired\":true,\"valueName\":\"search_term_string\"}}],\"inLanguage\":\"de\"}]}<\/script>\n<!-- \/ Yoast SEO plugin. -->","yoast_head_json":{"title":"Reisebericht: \u2018Gewagt?\u2019 \u2014 Varen Magazine - Aira Boats","robots":{"index":"index","follow":"follow","max-snippet":"max-snippet:-1","max-image-preview":"max-image-preview:large","max-video-preview":"max-video-preview:-1"},"canonical":"https:\/\/airaboats.nl\/de\/reisebericht-gewagt-varen-magazine\/","og_locale":"de_DE","og_type":"article","og_title":"Reisebericht: \u2018Gewagt?\u2019 \u2014 Varen Magazine - Aira Boats","og_url":"https:\/\/airaboats.nl\/de\/reisebericht-gewagt-varen-magazine\/","og_site_name":"Aira Boats","article_modified_time":"2021-11-04T15:39:31+00:00","og_image":[{"width":2560,"height":1707,"url":"https:\/\/airaboats.nl\/wp-content\/uploads\/2021\/11\/Varen2021-hero-scaled.jpg","type":"image\/jpeg"}],"twitter_card":"summary_large_image","schema":{"@context":"https:\/\/schema.org","@graph":[{"@type":"WebPage","@id":"https:\/\/airaboats.nl\/de\/reisebericht-gewagt-varen-magazine\/","url":"https:\/\/airaboats.nl\/de\/reisebericht-gewagt-varen-magazine\/","name":"Reisebericht: \u2018Gewagt?\u2019 \u2014 Varen Magazine - Aira Boats","isPartOf":{"@id":"https:\/\/airaboats.nl\/#website"},"primaryImageOfPage":{"@id":"https:\/\/airaboats.nl\/de\/reisebericht-gewagt-varen-magazine\/#primaryimage"},"image":{"@id":"https:\/\/airaboats.nl\/de\/reisebericht-gewagt-varen-magazine\/#primaryimage"},"thumbnailUrl":"https:\/\/airaboats.nl\/wp-content\/uploads\/2021\/11\/Varen2021-hero-scaled.jpg","datePublished":"2021-11-04T15:39:30+00:00","dateModified":"2021-11-04T15:39:31+00:00","breadcrumb":{"@id":"https:\/\/airaboats.nl\/de\/reisebericht-gewagt-varen-magazine\/#breadcrumb"},"inLanguage":"de","potentialAction":[{"@type":"ReadAction","target":["https:\/\/airaboats.nl\/de\/reisebericht-gewagt-varen-magazine\/"]}]},{"@type":"ImageObject","inLanguage":"de","@id":"https:\/\/airaboats.nl\/de\/reisebericht-gewagt-varen-magazine\/#primaryimage","url":"https:\/\/airaboats.nl\/wp-content\/uploads\/2021\/11\/Varen2021-hero-scaled.jpg","contentUrl":"https:\/\/airaboats.nl\/wp-content\/uploads\/2021\/11\/Varen2021-hero-scaled.jpg","width":2560,"height":1707,"caption":"Reisverhaal Aira 22"},{"@type":"BreadcrumbList","@id":"https:\/\/airaboats.nl\/de\/reisebericht-gewagt-varen-magazine\/#breadcrumb","itemListElement":[{"@type":"ListItem","position":1,"name":"Home","item":"https:\/\/airaboats.nl\/de\/"},{"@type":"ListItem","position":2,"name":"Reisebericht: \u2018Gewagt?\u2019 \u2014 Varen Magazine"}]},{"@type":"WebSite","@id":"https:\/\/airaboats.nl\/#website","url":"https:\/\/airaboats.nl\/","name":"Aira Boats","description":"Aira 22: de nieuwe generatie Daysailer","potentialAction":[{"@type":"SearchAction","target":{"@type":"EntryPoint","urlTemplate":"https:\/\/airaboats.nl\/?s={search_term_string}"},"query-input":{"@type":"PropertyValueSpecification","valueRequired":true,"valueName":"search_term_string"}}],"inLanguage":"de"}]}},"_links":{"self":[{"href":"https:\/\/airaboats.nl\/de\/wp-json\/wp\/v2\/pages\/2956","targetHints":{"allow":["GET"]}}],"collection":[{"href":"https:\/\/airaboats.nl\/de\/wp-json\/wp\/v2\/pages"}],"about":[{"href":"https:\/\/airaboats.nl\/de\/wp-json\/wp\/v2\/types\/page"}],"author":[{"embeddable":true,"href":"https:\/\/airaboats.nl\/de\/wp-json\/wp\/v2\/users\/2"}],"replies":[{"embeddable":true,"href":"https:\/\/airaboats.nl\/de\/wp-json\/wp\/v2\/comments?post=2956"}],"version-history":[{"count":0,"href":"https:\/\/airaboats.nl\/de\/wp-json\/wp\/v2\/pages\/2956\/revisions"}],"wp:featuredmedia":[{"embeddable":true,"href":"https:\/\/airaboats.nl\/de\/wp-json\/wp\/v2\/media\/2937"}],"wp:attachment":[{"href":"https:\/\/airaboats.nl\/de\/wp-json\/wp\/v2\/media?parent=2956"}],"curies":[{"name":"wp","href":"https:\/\/api.w.org\/{rel}","templated":true}]}}