{"id":2763,"date":"2021-09-17T13:29:33","date_gmt":"2021-09-17T11:29:33","guid":{"rendered":"https:\/\/airaboats.nl\/?page_id=2763"},"modified":"2024-07-18T17:43:20","modified_gmt":"2024-07-18T15:43:20","slug":"dealers","status":"publish","type":"page","link":"https:\/\/airaboats.nl\/de\/dealers\/","title":{"rendered":"H\u00e4ndler"},"content":{"rendered":"\t<div>\n\t\t<picture>\n\t\t\t<source srcset=\"https:\/\/airaboats.nl\/wp-content\/uploads\/2021\/09\/Arthur_Smeets_Aira_2018_07_25_0770-scaled-1800x0-c-default.jpg\" type=\"image\/jpeg\">\n\t\t\t<img decoding=\"async\" src=\"https:\/\/airaboats.nl\/wp-content\/uploads\/2021\/09\/Arthur_Smeets_Aira_2018_07_25_0770-scaled-1800x0-c-default.jpg\" alt=\"H\u00e4ndler\" style=\"max-height:650px;\" class=\"w-full object-cover object-bottom rounded-sm relative bottom-20\">\n\t\t<\/picture>\n\t<\/div>\n\n\n<div class=\"bg-gray-lightest relative\">\n\t<div class=\"absolute left-0 right-1\/2 bottom-0 top-0 bg-white z-0 lg:-mt-16\"><\/div>\n\t<div class=\"max-w-7xl mx-auto z-10 relative px-4\">\n\t\t<div class=\"lg:grid lg:grid-cols-3 lg:gap-8 lg:-mt-16\">\n\t\t\t<div class=\"mt-8 col-span-2 lg:-mt-16 bg-white rounded-tr-3xl pt-12 pb-24 md:pr-24\">\n\t\t\t\t<nav id=\"breadcrumbs\" class=\"main-breadcrumbs\"><span><span><a href=\"https:\/\/airaboats.nl\/de\/\">Home<\/a><\/span><\/span><\/nav>\n\n\t\t\t\t<div class=\"my-8 pt-16\">\n\t\t\t\t\t<h1 class=\"mt-2 text-3xl leading-tight font-normal tracking-tight text-black sm:text-4xl mb-8\">\n\t\t\t\t\t\tH\u00e4ndler\n\t\t\t\t\t<\/h1>\n\t\t\t\t\t<p class=\"text-xl text-gray\">\n\t\t\t\t\t\t\n\t\t\t\t\t<\/p>\n\t\t\t\t<\/div>\n\t\t\t\t<div class=\"prose md:pl-20\">\n\t\t\t\t\t<h3><strong>Aira Boats Hauptsitz<\/strong><\/h3>\n<p>Aira Boats verkauft seine Boote in Europa direkt an Kunden, au\u00dfer in den unten aufgef\u00fchrten Gebieten, in denen wir H\u00e4ndler haben.<\/p>\n<p>Zuidwesthoekweg 13<br \/>\n8601 HG Sneek<br \/>\nNiederlande<\/p>\n<p><a href=\"tel:+310515218400\">+31 (0) 515 218400<\/a><br \/>\n<a href=\"mailto:info@airaboats.nl\">info@airaboats.nl<\/a><\/p>\n<p><a href=\"http:\/\/www.airaboats.nl\" target=\"_blank\" rel=\"noopener\">airaboats.nl<\/a><\/p>\n<hr \/>\n<p>&nbsp;<\/p>\n<p>&nbsp;<\/p>\n<h3><strong>Sail\u2019in Project<\/strong><\/h3>\n<p>Frankreich und Monaco<\/p>\n<p>Quai Toulon<br \/>\n34340 Marseillan<br \/>\nFrankreich<\/p>\n<p><a href=\"tel:+33682990383\" target=\"_blank\" rel=\"noopener\">+33 (0) 6 829 903 83<\/a><br \/>\n<a href=\"mailto:contact@sailinproject.fr\" target=\"_blank\" rel=\"noopener\">contact@sailinproject.fr<\/a><\/p>\n<p><a href=\"http:\/\/wwww.sailinproject.com\" target=\"_blank\" rel=\"noopener\">sailinproject.com<\/a><\/p>\n<hr \/>\n<h3><strong>Airaboats Ukraine<\/strong><\/h3>\n<p>Ushakova Ave, 2<br \/>\nKherson, Kherson Oblast<br \/>\nOekra\u00efne, 73003<\/p>\n<p>\u043f\u0440\u043e\u0441\u043f\u0435\u043a\u0442 \u0423\u0448\u0430\u043a\u043e\u0432\u0430, 2<br \/>\n\u0425\u0435\u0440\u0441\u043e\u043d, \u0425\u0435\u0440\u0441\u043e\u043d\u0441\u044c\u043a\u0430<br \/>\n\u043e\u0431\u043b\u0430\u0441\u0442\u044c, 73003<\/p>\n<p><a href=\"tel:+380509005307\">+38 (0) 509 005 307<\/a><br \/>\n<a href=\"mailto:capt.gudkov@gmail.com\">capt.gudkov@gmail.com<\/a><\/p>\n<hr \/>\n<h3><strong>ProYachting Lipno &#8211; Lod\u011bnice Lipno<\/strong><\/h3>\n<p>Tschechien und Slowakei<\/p>\n<p>Lipno nad Vltavou 1000<br \/>\n382 78 Lipno nad Vltavou<br \/>\nTschechien<\/p>\n<p><a href=\"tel:+420602410028\">+42 (0) 602 410 028<\/a><br \/>\n<a href=\"mailto:myslik@proyachting.cz\">myslik@proyachting.cz<\/a><\/p>\n<p><a href=\"http:\/\/www.proyachting.cz\" target=\"_blank\" rel=\"noopener\">proyachting.cz<\/a><\/p>\n<p>&nbsp;<\/p>\n<hr \/>\n<h3><strong>Recrea Group &#8211; Spanien<\/strong><\/h3>\n<p>Recrea Group<br \/>\nCalle La Morena 5<br \/>\n03720 Benissa<br \/>\nSpanien<\/p>\n<p><a href=\"tel:034682241676\">+34 682 241 676<\/a><br \/>\n<a href=\"mailto:wimvp@live.com\">wimvp@live.com<\/a><\/p>\n<p>&nbsp;<\/p>\n\n\t\t\t\t<\/div>\n\t\t\t<\/div>\n\t\t\t<div class=\"relative lg:mt-24\">\n\n\t\t\t\t<div class=\"flex flex-col rounded-lg shadow-lg overflow-hidden lg:-ml-20\">\n\t\t\t\t\t<div class=\"flex-shrink-0\">\n\t\t\t\t\t\t<img decoding=\"async\" class=\"h-48 w-full object-cover\" src=\"https:\/\/airaboats.nl\/wp-content\/uploads\/2021\/02\/Arthur_Smeets_Aira_2018_07_25_1141-LR-scaled-420x230-c-1.jpg\"\/>\n\t\t\t\t\t<\/div>\n\t\t\t\t\t<div class=\"flex-1 bg-white p-6 flex flex-col justify-between\">\n\t\t\t\t\t\t<div class=\"flex-1 mb-10 prose\">\n\t\t\t\t\t\t\t<p>M\u00f6chten Sie mehr Informationen \u00fcber die Aira 22 erhalten? Mailen Sie an <a href=\"mailto:info@airaboats.nl\" target=\"_blank\" rel=\"noopener\">info@airaboats.nl<\/a> oder rufen Sie <a href=\"tel:+31515218400\">+31 (0) 515 218400<\/a> an.<\/p>\n\n\t\t\t\t\t\t<\/div>\n\t\t\t\t\t<\/div>\n\t\t\t\t<\/div>\n\n\t\t\t<\/div>\n\t\t<\/div>\n\t<\/div>\n<\/div>\n","protected":false},"excerpt":{"rendered":"","protected":false},"author":2,"featured_media":2745,"parent":0,"menu_order":0,"comment_status":"closed","ping_status":"closed","template":"","meta":{"_acf_changed":false,"footnotes":""},"class_list":["post-2763","page","type-page","status-publish","has-post-thumbnail","hentry"],"acf":[],"yoast_head":"<!-- This site is optimized with the Yoast SEO plugin v27.4 - https:\/\/yoast.com\/product\/yoast-seo-wordpress\/ -->\n<title>Sehen Sie sich die H\u00e4ndler von Aira Boats an<\/title>\n<meta name=\"description\" content=\"Sehen Sie sich unter anderem die Aira Boats-H\u00e4ndler in Deutschland, Frankreich und der Ukraine an.\" \/>\n<meta name=\"robots\" content=\"index, follow, max-snippet:-1, max-image-preview:large, max-video-preview:-1\" \/>\n<link rel=\"canonical\" href=\"https:\/\/airaboats.nl\/de\/dealers\/\" \/>\n<meta property=\"og:locale\" content=\"de_DE\" \/>\n<meta property=\"og:type\" content=\"article\" \/>\n<meta property=\"og:title\" content=\"Sehen Sie sich die H\u00e4ndler von Aira Boats an\" \/>\n<meta property=\"og:description\" content=\"Sehen Sie sich unter anderem die Aira Boats-H\u00e4ndler in Deutschland, Frankreich und der Ukraine an.\" \/>\n<meta property=\"og:url\" content=\"https:\/\/airaboats.nl\/de\/dealers\/\" \/>\n<meta property=\"og:site_name\" content=\"Aira Boats\" \/>\n<meta property=\"article:modified_time\" content=\"2024-07-18T15:43:20+00:00\" \/>\n<meta property=\"og:image\" content=\"https:\/\/airaboats.nl\/wp-content\/uploads\/2021\/09\/Arthur_Smeets_Aira_2018_07_25_0770-scaled.jpg\" \/>\n\t<meta property=\"og:image:width\" content=\"2560\" \/>\n\t<meta property=\"og:image:height\" content=\"1707\" \/>\n\t<meta property=\"og:image:type\" content=\"image\/jpeg\" \/>\n<meta name=\"twitter:card\" content=\"summary_large_image\" \/>\n<script type=\"application\/ld+json\" class=\"yoast-schema-graph\">{\"@context\":\"https:\\\/\\\/schema.org\",\"@graph\":[{\"@type\":\"WebPage\",\"@id\":\"https:\\\/\\\/airaboats.nl\\\/de\\\/dealers\\\/\",\"url\":\"https:\\\/\\\/airaboats.nl\\\/de\\\/dealers\\\/\",\"name\":\"Sehen Sie sich die H\u00e4ndler von Aira Boats an\",\"isPartOf\":{\"@id\":\"https:\\\/\\\/airaboats.nl\\\/#website\"},\"primaryImageOfPage\":{\"@id\":\"https:\\\/\\\/airaboats.nl\\\/de\\\/dealers\\\/#primaryimage\"},\"image\":{\"@id\":\"https:\\\/\\\/airaboats.nl\\\/de\\\/dealers\\\/#primaryimage\"},\"thumbnailUrl\":\"https:\\\/\\\/airaboats.nl\\\/wp-content\\\/uploads\\\/2021\\\/09\\\/Arthur_Smeets_Aira_2018_07_25_0770-scaled.jpg\",\"datePublished\":\"2021-09-17T11:29:33+00:00\",\"dateModified\":\"2024-07-18T15:43:20+00:00\",\"description\":\"Sehen Sie sich unter anderem die Aira Boats-H\u00e4ndler in Deutschland, Frankreich und der Ukraine an.\",\"breadcrumb\":{\"@id\":\"https:\\\/\\\/airaboats.nl\\\/de\\\/dealers\\\/#breadcrumb\"},\"inLanguage\":\"de\",\"potentialAction\":[{\"@type\":\"ReadAction\",\"target\":[\"https:\\\/\\\/airaboats.nl\\\/de\\\/dealers\\\/\"]}]},{\"@type\":\"ImageObject\",\"inLanguage\":\"de\",\"@id\":\"https:\\\/\\\/airaboats.nl\\\/de\\\/dealers\\\/#primaryimage\",\"url\":\"https:\\\/\\\/airaboats.nl\\\/wp-content\\\/uploads\\\/2021\\\/09\\\/Arthur_Smeets_Aira_2018_07_25_0770-scaled.jpg\",\"contentUrl\":\"https:\\\/\\\/airaboats.nl\\\/wp-content\\\/uploads\\\/2021\\\/09\\\/Arthur_Smeets_Aira_2018_07_25_0770-scaled.jpg\",\"width\":2560,\"height\":1707,\"caption\":\"Aira dealers\"},{\"@type\":\"BreadcrumbList\",\"@id\":\"https:\\\/\\\/airaboats.nl\\\/de\\\/dealers\\\/#breadcrumb\",\"itemListElement\":[{\"@type\":\"ListItem\",\"position\":1,\"name\":\"Home\",\"item\":\"https:\\\/\\\/airaboats.nl\\\/de\\\/\"},{\"@type\":\"ListItem\",\"position\":2,\"name\":\"H\u00e4ndler\"}]},{\"@type\":\"WebSite\",\"@id\":\"https:\\\/\\\/airaboats.nl\\\/#website\",\"url\":\"https:\\\/\\\/airaboats.nl\\\/\",\"name\":\"Aira Boats\",\"description\":\"Aira 22: de nieuwe generatie Daysailer\",\"potentialAction\":[{\"@type\":\"SearchAction\",\"target\":{\"@type\":\"EntryPoint\",\"urlTemplate\":\"https:\\\/\\\/airaboats.nl\\\/?s={search_term_string}\"},\"query-input\":{\"@type\":\"PropertyValueSpecification\",\"valueRequired\":true,\"valueName\":\"search_term_string\"}}],\"inLanguage\":\"de\"}]}<\/script>\n<!-- \/ Yoast SEO plugin. -->","yoast_head_json":{"title":"Sehen Sie sich die H\u00e4ndler von Aira Boats an","description":"Sehen Sie sich unter anderem die Aira Boats-H\u00e4ndler in Deutschland, Frankreich und der Ukraine an.","robots":{"index":"index","follow":"follow","max-snippet":"max-snippet:-1","max-image-preview":"max-image-preview:large","max-video-preview":"max-video-preview:-1"},"canonical":"https:\/\/airaboats.nl\/de\/dealers\/","og_locale":"de_DE","og_type":"article","og_title":"Sehen Sie sich die H\u00e4ndler von Aira Boats an","og_description":"Sehen Sie sich unter anderem die Aira Boats-H\u00e4ndler in Deutschland, Frankreich und der Ukraine an.","og_url":"https:\/\/airaboats.nl\/de\/dealers\/","og_site_name":"Aira Boats","article_modified_time":"2024-07-18T15:43:20+00:00","og_image":[{"width":2560,"height":1707,"url":"https:\/\/airaboats.nl\/wp-content\/uploads\/2021\/09\/Arthur_Smeets_Aira_2018_07_25_0770-scaled.jpg","type":"image\/jpeg"}],"twitter_card":"summary_large_image","schema":{"@context":"https:\/\/schema.org","@graph":[{"@type":"WebPage","@id":"https:\/\/airaboats.nl\/de\/dealers\/","url":"https:\/\/airaboats.nl\/de\/dealers\/","name":"Sehen Sie sich die H\u00e4ndler von Aira Boats an","isPartOf":{"@id":"https:\/\/airaboats.nl\/#website"},"primaryImageOfPage":{"@id":"https:\/\/airaboats.nl\/de\/dealers\/#primaryimage"},"image":{"@id":"https:\/\/airaboats.nl\/de\/dealers\/#primaryimage"},"thumbnailUrl":"https:\/\/airaboats.nl\/wp-content\/uploads\/2021\/09\/Arthur_Smeets_Aira_2018_07_25_0770-scaled.jpg","datePublished":"2021-09-17T11:29:33+00:00","dateModified":"2024-07-18T15:43:20+00:00","description":"Sehen Sie sich unter anderem die Aira Boats-H\u00e4ndler in Deutschland, Frankreich und der Ukraine an.","breadcrumb":{"@id":"https:\/\/airaboats.nl\/de\/dealers\/#breadcrumb"},"inLanguage":"de","potentialAction":[{"@type":"ReadAction","target":["https:\/\/airaboats.nl\/de\/dealers\/"]}]},{"@type":"ImageObject","inLanguage":"de","@id":"https:\/\/airaboats.nl\/de\/dealers\/#primaryimage","url":"https:\/\/airaboats.nl\/wp-content\/uploads\/2021\/09\/Arthur_Smeets_Aira_2018_07_25_0770-scaled.jpg","contentUrl":"https:\/\/airaboats.nl\/wp-content\/uploads\/2021\/09\/Arthur_Smeets_Aira_2018_07_25_0770-scaled.jpg","width":2560,"height":1707,"caption":"Aira dealers"},{"@type":"BreadcrumbList","@id":"https:\/\/airaboats.nl\/de\/dealers\/#breadcrumb","itemListElement":[{"@type":"ListItem","position":1,"name":"Home","item":"https:\/\/airaboats.nl\/de\/"},{"@type":"ListItem","position":2,"name":"H\u00e4ndler"}]},{"@type":"WebSite","@id":"https:\/\/airaboats.nl\/#website","url":"https:\/\/airaboats.nl\/","name":"Aira Boats","description":"Aira 22: de nieuwe generatie Daysailer","potentialAction":[{"@type":"SearchAction","target":{"@type":"EntryPoint","urlTemplate":"https:\/\/airaboats.nl\/?s={search_term_string}"},"query-input":{"@type":"PropertyValueSpecification","valueRequired":true,"valueName":"search_term_string"}}],"inLanguage":"de"}]}},"_links":{"self":[{"href":"https:\/\/airaboats.nl\/de\/wp-json\/wp\/v2\/pages\/2763","targetHints":{"allow":["GET"]}}],"collection":[{"href":"https:\/\/airaboats.nl\/de\/wp-json\/wp\/v2\/pages"}],"about":[{"href":"https:\/\/airaboats.nl\/de\/wp-json\/wp\/v2\/types\/page"}],"author":[{"embeddable":true,"href":"https:\/\/airaboats.nl\/de\/wp-json\/wp\/v2\/users\/2"}],"replies":[{"embeddable":true,"href":"https:\/\/airaboats.nl\/de\/wp-json\/wp\/v2\/comments?post=2763"}],"version-history":[{"count":0,"href":"https:\/\/airaboats.nl\/de\/wp-json\/wp\/v2\/pages\/2763\/revisions"}],"wp:featuredmedia":[{"embeddable":true,"href":"https:\/\/airaboats.nl\/de\/wp-json\/wp\/v2\/media\/2745"}],"wp:attachment":[{"href":"https:\/\/airaboats.nl\/de\/wp-json\/wp\/v2\/media?parent=2763"}],"curies":[{"name":"wp","href":"https:\/\/api.w.org\/{rel}","templated":true}]}}